{"id":77,"date":"2021-07-15T14:35:45","date_gmt":"2021-07-15T12:35:45","guid":{"rendered":"https:\/\/www.improven.nl\/?page_id=77"},"modified":"2025-10-23T17:08:22","modified_gmt":"2025-10-23T15:08:22","slug":"financial-leadership","status":"publish","type":"page","link":"https:\/\/www.improven.nl\/nl\/dienstverlening\/finance\/financial-leadership\/","title":{"rendered":"Financial Leadership"},"content":{"rendered":"\n\t<section class=\"section\" id=\"section_1192959403\">\n\t\t<div class=\"section-bg fill\" >\n\t\t\t<img loading=\"lazy\" decoding=\"async\" width=\"2362\" height=\"1890\" src=\"https:\/\/www.improven.nl\/wp-content\/uploads\/2022\/01\/Corporate-beeld-met-raket.jpg\" class=\"bg attachment- size-\" alt=\"\" \/>\t\t\t\t\t\t<div class=\"section-bg-overlay absolute fill\"><\/div>\n\t\t\t\n\n\t\t<\/div>\n\n\t\t\n\n\t\t<div class=\"section-content relative\">\n\t\t\t\n<div class=\"row\"  id=\"row-46913171\">\n\n\t<div id=\"col-1431154501\" class=\"col medium-12 small-12 large-12\"  >\n\t\t\t\t<div class=\"col-inner\"  >\n\t\t\t\n\t\t\t\n\t<div id=\"text-2828263879\" class=\"text witteschaduw\">\n\t\t\n<h1><span style=\"font-size: 200%;\">Financial Leadership<\/span><\/h1>\n\t\t\n<style>\n#text-2828263879 {\n  font-size: 0.75rem;\n}\n@media (min-width:550px) {\n  #text-2828263879 {\n    font-size: 1.05rem;\n  }\n}\n<\/style>\n\t<\/div>\n\t\n\t<div id=\"gap-772199635\" class=\"gap-element clearfix\" style=\"display:block; height:auto;\">\n\t\t\n<style>\n#gap-772199635 {\n  padding-top: 10px;\n}\n<\/style>\n\t<\/div>\n\t\n<a href=\"https:\/\/www.improven.nl\/onze-klanten\/klantcases\/\" class=\"button primary is-outline witteschaduw\" style=\"border-radius:4px;\">\n\t\t<span>Klantcases<\/span>\n\t<\/a>\n\n<a href=\"https:\/\/www.improven.nl\/onze-klanten\/\" class=\"button primary is-outline witteschaduw\" style=\"border-radius:4px;\">\n\t\t<span>Klanten<\/span>\n\t<\/a>\n\n<a href=\"https:\/\/www.improven.nl\/dienstverlening\/\" class=\"button primary is-outline witteschaduw\" style=\"border-radius:4px;\">\n\t\t<span>Diensten<\/span>\n\t<\/a>\n\n\t\t<\/div>\n\t\t\t\t\n<style>\n#col-1431154501 > .col-inner {\n  padding: 20px 0px 0px 0px;\n}\n<\/style>\n\t<\/div>\n\n\t\n<\/div>\n\t\t<\/div>\n\n\t\t\n<style>\n#section_1192959403 {\n  padding-top: 80px;\n  padding-bottom: 80px;\n  background-color: rgb(244, 244, 244);\n}\n#section_1192959403 .section-bg-overlay {\n  background-color: rgba(236, 236, 236, 0.645);\n}\n#section_1192959403 .section-bg img {\n  object-position: 0% 41%;\n}\n<\/style>\n\t<\/section>\n\t\n\n\t<section class=\"section\" id=\"section_633149070\">\n\t\t<div class=\"section-bg fill\" >\n\t\t\t\t\t\t\t\t\t<div class=\"section-bg-overlay absolute fill\"><\/div>\n\t\t\t\n\n\t\t<\/div>\n\n\t\t\n\n\t\t<div class=\"section-content relative\">\n\t\t\t\n<div class=\"row\"  id=\"row-944954617\">\n\n\t<div id=\"col-210639591\" class=\"col small-12 large-12\"  >\n\t\t\t\t<div class=\"col-inner\"  >\n\t\t\t\n\t\t\t\n<div id=\"grid_title_1347\" class=\"grid-66 grid_title\">\n<div class=\"content_page_title\">\n<h2>Financial Leadership<\/h2>\n<\/div>\n<\/div>\n<div id=\"grid_content_main_1347\" class=\"grid-66 grid_content_main\">\n<div class=\"content_body\">\n<p>Improven helpt organisaties de financi\u00eble functie naar een hoger niveau te tillen. Een goed presterende en georganiseerde financi\u00eble functie is van essentieel belang voor de (financi\u00eble) prestaties en de continu\u00efteit van een organisatie. De financieel leider van morgen weet op een effectieve manier organisatiedoelen te bereiken en toegevoegde waarde te leveren op strategisch niveau, rekening houdend met de behoeften van de business en haar omgeving. Om de prestaties van de financi\u00eble functie te verbeteren en de toegevoegde waarde voor de business te vergroten, ondersteunen wij op vele gebieden, van finance strategy en finance transformation tot <strong>financi\u00eble procesverbeteringen, financi\u00eble systeemimplementaties en veranderprogramma\u2019s\u00a0<\/strong>van de financi\u00eble functie. Improven hanteert een pragmatische manier van werken waarbij het belang van de klant voorop wordt gesteld. Samen met onze klanten komen we tot de beste oplossingen. Onze consultants hebben de juiste kennis en expertise.<\/p>\n<p>\u00a0<\/p>\n<\/div>\n<\/div>\n\t\t<\/div>\n\t\t\t\t\t<\/div>\n\n\t\n<\/div>\n<div class=\"row align-middle\"  id=\"row-525044302\">\n\n\t<div id=\"col-807856265\" class=\"col medium-6 small-12 large-6\"  >\n\t\t\t\t<div class=\"col-inner text-left\"  >\n\t\t\t\n\t\t\t\n\t<div class=\"img has-hover afgerond x md-x lg-x y md-y lg-y\" id=\"image_305562255\">\n\t\t<a class=\"image-lightbox lightbox-gallery\" title=\"\" href=\"https:\/\/www.improven.nl\/wp-content\/uploads\/2021\/08\/fm-visual-1024x576.png\">\t\t\t\t\t\t<div class=\"img-inner dark\" >\n\t\t\t<img loading=\"lazy\" decoding=\"async\" width=\"1020\" height=\"574\" src=\"https:\/\/www.improven.nl\/wp-content\/uploads\/2021\/08\/fm-visual-1024x576.png\" class=\"attachment-large size-large\" alt=\"\" srcset=\"https:\/\/www.improven.nl\/wp-content\/uploads\/2021\/08\/fm-visual-1024x576.png 1024w, https:\/\/www.improven.nl\/wp-content\/uploads\/2021\/08\/fm-visual-300x169.png 300w, https:\/\/www.improven.nl\/wp-content\/uploads\/2021\/08\/fm-visual-768x432.png 768w, https:\/\/www.improven.nl\/wp-content\/uploads\/2021\/08\/fm-visual.png 1478w\" sizes=\"auto, (max-width: 1020px) 100vw, 1020px\" \/>\t\t\t\t\t\t\n\t\t\t\t\t<\/div>\n\t\t\t\t\t\t<\/a>\t\t\n<style>\n#image_305562255 {\n  width: 100%;\n}\n<\/style>\n\t<\/div>\n\t\n\t\t<\/div>\n\t\t\t\t\n<style>\n#col-807856265 > .col-inner {\n  border-radius: 24px;\n}\n<\/style>\n\t<\/div>\n\n\t\n\n\t<div id=\"col-1238188969\" class=\"col medium-6 small-12 large-6\"  >\n\t\t\t\t<div class=\"col-inner\"  >\n\t\t\t\n\t\t\t\n<p>Onder de vlag \u201cFinancial Leadership\u201d ondersteunt Improven organisaties bij het vormen van een visie en het doorontwikkelen van de financi\u00eble functie (de\u00a0<strong>Finance Roadmap<\/strong>). Hierin wordt het samenspel tussen behoefte van bestuur en management, structuur, personeel, processen, systemen en instrumenten bekeken en in een consistente en logische Roadmap ontwikkeld en ge\u00efmplementeerd. Onze\u00a0<strong>Financial Leadership Scan\u00a0<\/strong>geeft je inzicht in het huidig functioneren van de financi\u00eble functie en helpt om het gewenste niveau van de financi\u00eble functie te bepalen. De Finance Roadmap en businesscase leveren een meerjarig plan voor het transitietraject om de ambitie van uw organisatie te realiseren.<\/p>\n\t\t<\/div>\n\t\t\t\t\t<\/div>\n\n\t\n<\/div>\n\t\t<\/div>\n\n\t\t\n<style>\n#section_633149070 {\n  padding-top: 30px;\n  padding-bottom: 30px;\n}\n#section_633149070 .section-bg-overlay {\n  background-color: rgba(255, 255, 255, 0.85);\n}\n<\/style>\n\t<\/section>\n\t\n\n\t<section class=\"section\" id=\"section_1801647479\">\n\t\t<div class=\"section-bg fill\" >\n\t\t\t\t\t\t\t\t\t\n\t\t\t\n\n\t\t<\/div>\n\n\t\t\n\n\t\t<div class=\"section-content relative\">\n\t\t\t\n\t<div id=\"text-1950112020\" class=\"text\">\n\t\t\n\t\t\n<style>\n#text-1950112020 {\n  text-align: left;\n}\n<\/style>\n\t<\/div>\n\t\n<div class=\"row align-middle align-center\"  id=\"row-203448193\">\n\n\t<div id=\"col-1360584933\" class=\"col medium-6 small-12 large-6\"  >\n\t\t\t\t<div class=\"col-inner\" style=\"background-color:rgb(248, 244, 244);\" >\n\t\t\t\n\t\t\t\n<p>Improven heeft deze aanpak succesvol ge\u00efmplementeerd bij diverse organisaties zoals Gemeente Utrecht, Boskalis, Avans Hogeschool, Akzo, Hogeschool Rotterdam en Provincie Utrecht.<\/p>\n<p><strong>Jouw resultaten<\/strong><\/p>\n<ul>\n<li>Goedlopende en toekomstbestendige financi\u00eble functie die aansluit bij (de strategie van) jouw organisatie, de juiste mensen op de juiste plek<\/li>\n<li>Goed georganiseerde invoering van verbeterdoelstellingen<\/li>\n<li>Meerjarig plan voor een transitietraject om jouw ambities te realiseren<\/li>\n<\/ul>\n\t\t<\/div>\n\t\t\t\t\n<style>\n#col-1360584933 > .col-inner {\n  margin: 0px 0px -40px 0px;\n}\n<\/style>\n\t<\/div>\n\n\t\n\n\t<div id=\"col-769792248\" class=\"col afgerond medium-6 small-12 large-6\"  >\n\t\t\t\t<div class=\"col-inner text-left\"  >\n\t\t\t\n\t\t\t\n\t<div class=\"img has-hover afgerond x md-x lg-x y md-y lg-y\" id=\"image_1871671518\">\n\t\t\t\t\t\t\t\t<div class=\"img-inner dark\" >\n\t\t\t<img loading=\"lazy\" decoding=\"async\" width=\"686\" height=\"484\" src=\"https:\/\/www.improven.nl\/wp-content\/uploads\/2021\/08\/afbeelding1.686x0-is.png\" class=\"attachment-large size-large\" alt=\"\" srcset=\"https:\/\/www.improven.nl\/wp-content\/uploads\/2021\/08\/afbeelding1.686x0-is.png 686w, https:\/\/www.improven.nl\/wp-content\/uploads\/2021\/08\/afbeelding1.686x0-is-300x212.png 300w\" sizes=\"auto, (max-width: 686px) 100vw, 686px\" \/>\t\t\t\t\t\t\n\t\t\t\t\t<\/div>\n\t\t\t\t\t\t\t\t\n<style>\n#image_1871671518 {\n  width: 100%;\n}\n<\/style>\n\t<\/div>\n\t\n\t\t<\/div>\n\t\t\t\t\n<style>\n#col-769792248 > .col-inner {\n  border-radius: 33px;\n}\n<\/style>\n\t<\/div>\n\n\t\n\n<style>\n#row-203448193 > .col > .col-inner {\n  padding: 20px 20px 20px 20px;\n  background-color: rgb(255,255,255);\n}\n<\/style>\n<\/div>\n\t\t<\/div>\n\n\t\t\n<style>\n#section_1801647479 {\n  padding-top: 30px;\n  padding-bottom: 30px;\n  background-color: rgb(244, 244, 244);\n}\n<\/style>\n\t<\/section>\n\t\n\n\t<section class=\"section dark\" id=\"section_1698389756\">\n\t\t<div class=\"section-bg fill\" >\n\t\t\t\t\t\t\t\t\t\n\t\t\t\n\n\t\t<\/div>\n\n\t\t\n\n\t\t<div class=\"section-content relative\">\n\t\t\t\n\n<div class=\"row align-middle\"  id=\"row-535901520\">\n\n\n\t<div id=\"col-465966062\" class=\"col medium-3 small-12 large-3\"  >\n\t\t\t\t<div class=\"col-inner\"  >\n\t\t\t\n\t\t\t\n\n\t<div class=\"img has-hover afgerond x md-x lg-x y md-y lg-y\" id=\"image_2037648408\">\n\t\t\t\t\t\t\t\t<div class=\"img-inner dark\" >\n\t\t\t<img loading=\"lazy\" decoding=\"async\" width=\"400\" height=\"400\" src=\"https:\/\/www.improven.nl\/wp-content\/uploads\/2021\/12\/banner_oscarvanleeuwen-2366.jpg\" class=\"attachment-large size-large\" alt=\"\" srcset=\"https:\/\/www.improven.nl\/wp-content\/uploads\/2021\/12\/banner_oscarvanleeuwen-2366.jpg 400w, https:\/\/www.improven.nl\/wp-content\/uploads\/2021\/12\/banner_oscarvanleeuwen-2366-300x300.jpg 300w, https:\/\/www.improven.nl\/wp-content\/uploads\/2021\/12\/banner_oscarvanleeuwen-2366-150x150.jpg 150w\" sizes=\"auto, (max-width: 400px) 100vw, 400px\" \/>\t\t\t\t\t\t\n\t\t\t\t\t<\/div>\n\t\t\t\t\t\t\t\t\n<style>\n#image_2037648408 {\n  width: 100%;\n}\n<\/style>\n\t<\/div>\n\t\n\n\n\t\t<\/div>\n\t\t\t\t\t<\/div>\n\n\t\n\n\t<div id=\"col-1060835530\" class=\"col medium-9 small-12 large-9\"  >\n\t\t\t\t<div class=\"col-inner\"  >\n\t\t\t\n\t\t\t\n\n<h2>Meer weten over dit thema? Neem contact op met\u00a0<\/h2>\n<a href=\"tel:+31653541693\" class=\"button white is-outline\" style=\"border-radius:99px;\">\n\t<i class=\"icon-phone\" aria-hidden=\"true\"><\/i>\t<span>+31 6 53 54 16 93<\/span>\n\t<\/a>\n\n\n<a href=\"mailto:oscar.van.leeuwen@improven.nl\" class=\"button white is-outline\" style=\"border-radius:99px;\">\n\t<i class=\"icon-envelop\" aria-hidden=\"true\"><\/i>\t<span>Oscar van Leeuwen<\/span>\n\t<\/a>\n\n\n\n\t\t<\/div>\n\t\t\t\t\t<\/div>\n\n\t\n\n<\/div>\n\n\t\t<\/div>\n\n\t\t\n<style>\n#section_1698389756 {\n  padding-top: 30px;\n  padding-bottom: 30px;\n  background-color: #163152;\n}\n<\/style>\n\t<\/section>\n\t\n\t<div id=\"gap-1800644396\" class=\"gap-element clearfix\" style=\"display:block; height:auto;\">\n\t\t\n<style>\n#gap-1800644396 {\n  padding-top: 30px;\n}\n<\/style>\n\t<\/div>\n\t\n","protected":false},"excerpt":{"rendered":"","protected":false},"author":1,"featured_media":0,"parent":53,"menu_order":0,"comment_status":"closed","ping_status":"closed","template":"page-blank.php","meta":{"cybocfi_hide_featured_image":"","footnotes":""},"class_list":["post-77","page","type-page","status-publish","hentry"],"yoast_head":"<!-- This site is optimized with the Yoast SEO Premium plugin v27.5 (Yoast SEO v27.5) - https:\/\/yoast.com\/product\/yoast-seo-premium-wordpress\/ -->\n<title>Financial Leadership - Improven<\/title>\n<meta name=\"robots\" content=\"index, follow, max-snippet:-1, max-image-preview:large, max-video-preview:-1\" \/>\n<link rel=\"canonical\" href=\"https:\/\/www.improven.nl\/nl\/dienstverlening\/finance\/financial-leadership\/\" \/>\n<meta property=\"og:locale\" content=\"nl_NL\" \/>\n<meta property=\"og:type\" content=\"article\" \/>\n<meta property=\"og:title\" content=\"Financial Leadership\" \/>\n<meta property=\"og:url\" content=\"https:\/\/www.improven.nl\/nl\/dienstverlening\/finance\/financial-leadership\/\" \/>\n<meta property=\"og:site_name\" content=\"Improven\" \/>\n<meta property=\"article:publisher\" content=\"https:\/\/www.facebook.com\/profile.php?id=100063733158708\" \/>\n<meta property=\"article:modified_time\" content=\"2025-10-23T15:08:22+00:00\" \/>\n<meta name=\"twitter:card\" content=\"summary_large_image\" \/>\n<meta name=\"twitter:label1\" content=\"Geschatte leestijd\" \/>\n\t<meta name=\"twitter:data1\" content=\"3 minuten\" \/>\n<script type=\"application\/ld+json\" class=\"yoast-schema-graph\">{\"@context\":\"https:\\\/\\\/schema.org\",\"@graph\":[{\"@type\":\"WebPage\",\"@id\":\"https:\\\/\\\/www.improven.nl\\\/dienstverlening\\\/finance\\\/financial-leadership\\\/\",\"url\":\"https:\\\/\\\/www.improven.nl\\\/dienstverlening\\\/finance\\\/financial-leadership\\\/\",\"name\":\"Financial Leadership - Improven\",\"isPartOf\":{\"@id\":\"https:\\\/\\\/www.improven.nl\\\/#website\"},\"datePublished\":\"2021-07-15T12:35:45+00:00\",\"dateModified\":\"2025-10-23T15:08:22+00:00\",\"breadcrumb\":{\"@id\":\"https:\\\/\\\/www.improven.nl\\\/dienstverlening\\\/finance\\\/financial-leadership\\\/#breadcrumb\"},\"inLanguage\":\"nl-NL\",\"potentialAction\":[{\"@type\":\"ReadAction\",\"target\":[\"https:\\\/\\\/www.improven.nl\\\/dienstverlening\\\/finance\\\/financial-leadership\\\/\"]}]},{\"@type\":\"BreadcrumbList\",\"@id\":\"https:\\\/\\\/www.improven.nl\\\/dienstverlening\\\/finance\\\/financial-leadership\\\/#breadcrumb\",\"itemListElement\":[{\"@type\":\"ListItem\",\"position\":1,\"name\":\"Home\",\"item\":\"https:\\\/\\\/www.improven.nl\\\/\"},{\"@type\":\"ListItem\",\"position\":2,\"name\":\"Dienstverlening\",\"item\":\"https:\\\/\\\/www.improven.nl\\\/dienstverlening\\\/\"},{\"@type\":\"ListItem\",\"position\":3,\"name\":\"Finance\",\"item\":\"https:\\\/\\\/www.improven.nl\\\/dienstverlening\\\/finance\\\/\"},{\"@type\":\"ListItem\",\"position\":4,\"name\":\"Financial Leadership\"}]},{\"@type\":\"WebSite\",\"@id\":\"https:\\\/\\\/www.improven.nl\\\/#website\",\"url\":\"https:\\\/\\\/www.improven.nl\\\/\",\"name\":\"Improven\",\"description\":\"Samen verbeteren we de prestaties van jouw organisatie!\",\"publisher\":{\"@id\":\"https:\\\/\\\/www.improven.nl\\\/#organization\"},\"potentialAction\":[{\"@type\":\"SearchAction\",\"target\":{\"@type\":\"EntryPoint\",\"urlTemplate\":\"https:\\\/\\\/www.improven.nl\\\/?s={search_term_string}\"},\"query-input\":{\"@type\":\"PropertyValueSpecification\",\"valueRequired\":true,\"valueName\":\"search_term_string\"}}],\"inLanguage\":\"nl-NL\"},{\"@type\":\"Organization\",\"@id\":\"https:\\\/\\\/www.improven.nl\\\/#organization\",\"name\":\"Improven\",\"url\":\"https:\\\/\\\/www.improven.nl\\\/\",\"logo\":{\"@type\":\"ImageObject\",\"inLanguage\":\"nl-NL\",\"@id\":\"https:\\\/\\\/www.improven.nl\\\/#\\\/schema\\\/logo\\\/image\\\/\",\"url\":\"https:\\\/\\\/www.improven.nl\\\/wp-content\\\/uploads\\\/2022\\\/07\\\/Afbeelding1.jpg\",\"contentUrl\":\"https:\\\/\\\/www.improven.nl\\\/wp-content\\\/uploads\\\/2022\\\/07\\\/Afbeelding1.jpg\",\"width\":495,\"height\":473,\"caption\":\"Improven\"},\"image\":{\"@id\":\"https:\\\/\\\/www.improven.nl\\\/#\\\/schema\\\/logo\\\/image\\\/\"},\"sameAs\":[\"https:\\\/\\\/www.facebook.com\\\/profile.php?id=100063733158708\"]}]}<\/script>\n<!-- \/ Yoast SEO Premium plugin. -->","yoast_head_json":{"title":"Financial Leadership - Improven","robots":{"index":"index","follow":"follow","max-snippet":"max-snippet:-1","max-image-preview":"max-image-preview:large","max-video-preview":"max-video-preview:-1"},"canonical":"https:\/\/www.improven.nl\/nl\/dienstverlening\/finance\/financial-leadership\/","og_locale":"nl_NL","og_type":"article","og_title":"Financial Leadership","og_url":"https:\/\/www.improven.nl\/nl\/dienstverlening\/finance\/financial-leadership\/","og_site_name":"Improven","article_publisher":"https:\/\/www.facebook.com\/profile.php?id=100063733158708","article_modified_time":"2025-10-23T15:08:22+00:00","twitter_card":"summary_large_image","twitter_misc":{"Geschatte leestijd":"3 minuten"},"schema":{"@context":"https:\/\/schema.org","@graph":[{"@type":"WebPage","@id":"https:\/\/www.improven.nl\/dienstverlening\/finance\/financial-leadership\/","url":"https:\/\/www.improven.nl\/dienstverlening\/finance\/financial-leadership\/","name":"Financial Leadership - Improven","isPartOf":{"@id":"https:\/\/www.improven.nl\/#website"},"datePublished":"2021-07-15T12:35:45+00:00","dateModified":"2025-10-23T15:08:22+00:00","breadcrumb":{"@id":"https:\/\/www.improven.nl\/dienstverlening\/finance\/financial-leadership\/#breadcrumb"},"inLanguage":"nl-NL","potentialAction":[{"@type":"ReadAction","target":["https:\/\/www.improven.nl\/dienstverlening\/finance\/financial-leadership\/"]}]},{"@type":"BreadcrumbList","@id":"https:\/\/www.improven.nl\/dienstverlening\/finance\/financial-leadership\/#breadcrumb","itemListElement":[{"@type":"ListItem","position":1,"name":"Home","item":"https:\/\/www.improven.nl\/"},{"@type":"ListItem","position":2,"name":"Dienstverlening","item":"https:\/\/www.improven.nl\/dienstverlening\/"},{"@type":"ListItem","position":3,"name":"Finance","item":"https:\/\/www.improven.nl\/dienstverlening\/finance\/"},{"@type":"ListItem","position":4,"name":"Financial Leadership"}]},{"@type":"WebSite","@id":"https:\/\/www.improven.nl\/#website","url":"https:\/\/www.improven.nl\/","name":"Improven","description":"Samen verbeteren we de prestaties van jouw organisatie!","publisher":{"@id":"https:\/\/www.improven.nl\/#organization"},"potentialAction":[{"@type":"SearchAction","target":{"@type":"EntryPoint","urlTemplate":"https:\/\/www.improven.nl\/?s={search_term_string}"},"query-input":{"@type":"PropertyValueSpecification","valueRequired":true,"valueName":"search_term_string"}}],"inLanguage":"nl-NL"},{"@type":"Organization","@id":"https:\/\/www.improven.nl\/#organization","name":"Improven","url":"https:\/\/www.improven.nl\/","logo":{"@type":"ImageObject","inLanguage":"nl-NL","@id":"https:\/\/www.improven.nl\/#\/schema\/logo\/image\/","url":"https:\/\/www.improven.nl\/wp-content\/uploads\/2022\/07\/Afbeelding1.jpg","contentUrl":"https:\/\/www.improven.nl\/wp-content\/uploads\/2022\/07\/Afbeelding1.jpg","width":495,"height":473,"caption":"Improven"},"image":{"@id":"https:\/\/www.improven.nl\/#\/schema\/logo\/image\/"},"sameAs":["https:\/\/www.facebook.com\/profile.php?id=100063733158708"]}]}},"_links":{"self":[{"href":"https:\/\/www.improven.nl\/nl\/wp-json\/wp\/v2\/pages\/77","targetHints":{"allow":["GET"]}}],"collection":[{"href":"https:\/\/www.improven.nl\/nl\/wp-json\/wp\/v2\/pages"}],"about":[{"href":"https:\/\/www.improven.nl\/nl\/wp-json\/wp\/v2\/types\/page"}],"author":[{"embeddable":true,"href":"https:\/\/www.improven.nl\/nl\/wp-json\/wp\/v2\/users\/1"}],"replies":[{"embeddable":true,"href":"https:\/\/www.improven.nl\/nl\/wp-json\/wp\/v2\/comments?post=77"}],"version-history":[{"count":54,"href":"https:\/\/www.improven.nl\/nl\/wp-json\/wp\/v2\/pages\/77\/revisions"}],"predecessor-version":[{"id":12344,"href":"https:\/\/www.improven.nl\/nl\/wp-json\/wp\/v2\/pages\/77\/revisions\/12344"}],"up":[{"embeddable":true,"href":"https:\/\/www.improven.nl\/nl\/wp-json\/wp\/v2\/pages\/53"}],"wp:attachment":[{"href":"https:\/\/www.improven.nl\/nl\/wp-json\/wp\/v2\/media?parent=77"}],"curies":[{"name":"wp","href":"https:\/\/api.w.org\/{rel}","templated":true}]}}