{"id":6175,"date":"2023-07-09T20:35:23","date_gmt":"2023-07-09T18:35:23","guid":{"rendered":"https:\/\/www.improven.nl\/?page_id=6175"},"modified":"2023-07-09T20:35:23","modified_gmt":"2023-07-09T18:35:23","slug":"poka-yoke","status":"publish","type":"page","link":"https:\/\/www.improven.nl\/nl\/poka-yoke\/","title":{"rendered":"POKA YOKE"},"content":{"rendered":"<div class=\"row\"  id=\"row-939952508\">\n\n\t<div id=\"col-903285799\" class=\"col small-12 large-12\"  >\n\t\t\t\t<div class=\"col-inner\"  >\n\t\t\t\n\t\t\t\n\t<div id=\"text-3174652251\" class=\"text\">\n\t\t\n<h2><span style=\"color: #034c9c;\">POKA <\/span><span style=\"color: #034c9c; letter-spacing: -.2pt;\">YOKE<\/span><\/h2>\n<h2>\n\t\t\n<style>\n#text-3174652251 {\n  text-align: center;\n}\n<\/style>\n\t<\/div>\n\t\n<\/h2>\n<p><img loading=\"lazy\" decoding=\"async\" src=\"https:\/\/www.improven.nl\/wp-content\/uploads\/2023\/07\/Afbeelding1.png\" alt=\"\" width=\"13\" height=\"16\" \/><strong><span style=\"color: #023b7e;\"> Omschrijving<\/span><\/strong><\/p>\n<p>Poka Yoke is een methode die gericht is op foutreductie in het proces waarbij gestreefd wordt naar het elimineren, verminderen of detecteren van fouten. Dit wordt ook wel \u2018Mistake Proofing\u2019 genoemd.<\/p>\n<p><img loading=\"lazy\" decoding=\"async\" src=\"https:\/\/www.improven.nl\/wp-content\/uploads\/2023\/07\/Afbeelding2.png\" alt=\"\" width=\"15\" height=\"15\" \/> <span style=\"color: #023b7e;\"><strong>Wanneer<\/strong><\/span><\/p>\n<p>In de fase Bedenken van verbeteringen.<\/p>\n<p><img loading=\"lazy\" decoding=\"async\" src=\"https:\/\/www.improven.nl\/wp-content\/uploads\/2023\/07\/Afbeelding3.png\" alt=\"\" width=\"18\" height=\"18\" \/> <strong><span style=\"color: #023b7e;\">Doelen<\/span><\/strong><\/p>\n<p>Mogelijke fouten in het proces inventariseren en verwijderen of zo veel mogelijk proberen te voorkomen en\/of te detecteren. Dit kan door de fout te verwijderen, te vervangen, te vergemakkelijken, te detecteren of door het effect te verkleinen.<\/p>\n<div class=\"row\"  id=\"row-692028689\">\n\n\t<div id=\"col-806504469\" class=\"col medium-6 small-12 large-6\"  >\n\t\t\t\t<div class=\"col-inner\"  >\n\t\t\t\n\t\t\t\n<p><img loading=\"lazy\" decoding=\"async\" src=\"https:\/\/www.improven.nl\/wp-content\/uploads\/2023\/07\/Afbeelding4.png\" alt=\"\" width=\"14\" height=\"17\" \/>\u00a0<strong><span style=\"color: #023b7e;\">Stappen<\/span><\/strong><\/p>\n<p>Identificeer mogelijke fouten in het proces.<\/p>\n<p>Pas \u00e9\u00e9n van de vijf principes toe op de ge\u00efdentificeerde fouten.<\/p>\n<ul>\n<li><strong>Verwijderen:<\/strong> kun je eenvoudig de kans op de fout wegnemen? Sommige processen kunnen geheel of gedeeltelijk herontworpen worden, zodat de mogelijkheid om de fout te maken verdwijnt.<\/li>\n<li><strong>Vervangen:<\/strong> kun je de foutgevoelige processtap vervangen door een meer betrouwbare processtap? Bijvoorbeeld automatisering kan consistentie verhogen.<\/li>\n<li><strong>Vergemakkelijken<\/strong>: kun je de taak eenvoudiger maken door bijvoorbeeld gebruik te maken van visueel management, zoals kleurcodering enzovoort? Misschien taken combineren zodat ze in een keer worden afgewerkt.<\/li>\n<li><strong>Detectie:<\/strong> kun je een manier ontwikkelen die de fouten aan het licht brengt voordat zij naar de volgende processtap gaan? Computersoftware waarschuwt bijvoorbeeld de gebruiker als een veld niet ingevuld is of als u door 0 deelt.<\/li>\n<li><strong>Effect verkleinen<\/strong>: kun je het effect van een onvermijdelijke fout verkleinen? Bijvoorbeeld een zekering in een elektrisch circuit.<\/li>\n<\/ul>\n\t\t<\/div>\n\t\t\t\t\t<\/div>\n\n\t\n\n\t<div id=\"col-1548990690\" class=\"col medium-6 small-12 large-6\"  >\n\t\t\t\t<div class=\"col-inner\"  >\n\t\t\t\n\t\t\t\n<p><img loading=\"lazy\" decoding=\"async\" style=\"color: #555555;\" src=\"https:\/\/www.improven.nl\/wp-content\/uploads\/2023\/07\/Afbeelding5.png\" alt=\"\" width=\"20\" height=\"10\" \/><span style=\"color: #555555;\">\u00a0<\/span><strong style=\"color: #555555;\"><span style=\"color: #023b7e;\">Voorbeelden<\/span><\/strong><\/p>\n\t<div class=\"img has-hover afgerond x md-x lg-x y md-y lg-y\" id=\"image_1098587069\">\n\t\t\t\t\t\t\t\t<div class=\"img-inner dark\" >\n\t\t\t<img loading=\"lazy\" decoding=\"async\" width=\"1020\" height=\"281\" src=\"https:\/\/www.improven.nl\/wp-content\/uploads\/2023\/07\/poka-1024x282.png\" class=\"attachment-large size-large\" alt=\"\" srcset=\"https:\/\/www.improven.nl\/wp-content\/uploads\/2023\/07\/poka-1024x282.png 1024w, https:\/\/www.improven.nl\/wp-content\/uploads\/2023\/07\/poka-400x110.png 400w, https:\/\/www.improven.nl\/wp-content\/uploads\/2023\/07\/poka-768x211.png 768w, https:\/\/www.improven.nl\/wp-content\/uploads\/2023\/07\/poka-18x5.png 18w, https:\/\/www.improven.nl\/wp-content\/uploads\/2023\/07\/poka.png 1029w\" sizes=\"auto, (max-width: 1020px) 100vw, 1020px\" \/>\t\t\t\t\t\t\n\t\t\t\t\t<\/div>\n\t\t\t\t\t\t\t\t\n<style>\n#image_1098587069 {\n  width: 100%;\n}\n<\/style>\n\t<\/div>\n\t\n<p><em><strong><span style=\"color: #023b7e;\">Figuur: Voorbeelden Poka Yoke<\/span><\/strong><\/em><\/p>\n<p><span style=\"color: #023b7e;\"><img loading=\"lazy\" decoding=\"async\" src=\"https:\/\/www.improven.nl\/wp-content\/uploads\/2023\/07\/Afbeelding6.png\" alt=\"\" width=\"12\" height=\"17\" \/><strong> Tips:<\/strong><\/span><\/p>\n<ul>\n<li>Houd het praktisch.<\/li>\n<li>Meet het effect na de introductie.<\/li>\n<li>Het hoeft niet perfect te zijn. Als er kans is op een verbetering van vijftig procent dan is het zeker een poging waard.<\/li>\n<li>Cre\u00eber een flowchart van het proces en volg een mistake-proofing procedure.<\/li>\n<li>Begin zo vroeg mogelijk in de levenscyclus van het product.<\/li>\n<\/ul>\n\t\t<\/div>\n\t\t\t\t\t<\/div>\n\n\t\n<\/div>\n\n\t<section class=\"section dark\" id=\"section_787799891\">\n\t\t<div class=\"section-bg fill\" >\n\t\t\t\t\t\t\t\t\t\n\t\t\t\n\n\t\t<\/div>\n\n\t\t\n\n\t\t<div class=\"section-content relative\">\n\t\t\t\r\n\r\n<div class=\"row align-middle\"  id=\"row-1186195712\">\r\n\r\n\n\t<div id=\"col-1828262385\" class=\"col medium-3 small-12 large-3\"  >\n\t\t\t\t<div class=\"col-inner\"  >\n\t\t\t\n\t\t\t\r\n\r\n\t<div class=\"img has-hover afgerond x md-x lg-x y md-y lg-y\" id=\"image_937496876\">\n\t\t\t\t\t\t\t\t<div class=\"img-inner dark\" >\n\t\t\t<img loading=\"lazy\" decoding=\"async\" width=\"400\" height=\"400\" src=\"https:\/\/www.improven.nl\/wp-content\/uploads\/2021\/12\/banner_andrevanhofwegen-5416.jpg\" class=\"attachment-large size-large\" alt=\"\" srcset=\"https:\/\/www.improven.nl\/wp-content\/uploads\/2021\/12\/banner_andrevanhofwegen-5416.jpg 400w, https:\/\/www.improven.nl\/wp-content\/uploads\/2021\/12\/banner_andrevanhofwegen-5416-150x150.jpg 150w, https:\/\/www.improven.nl\/wp-content\/uploads\/2021\/12\/banner_andrevanhofwegen-5416-300x300.jpg 300w\" sizes=\"auto, (max-width: 400px) 100vw, 400px\" \/>\t\t\t\t\t\t\n\t\t\t\t\t<\/div>\n\t\t\t\t\t\t\t\t\n<style>\n#image_937496876 {\n  width: 100%;\n}\n<\/style>\n\t<\/div>\n\t\r\n\r\n\t\t<\/div>\n\t\t\t\t\t<\/div>\n\n\t\r\n\n\t<div id=\"col-1188673418\" class=\"col medium-9 small-12 large-9\"  >\n\t\t\t\t<div class=\"col-inner\"  >\n\t\t\t\n\t\t\t\r\n<h2>Voor meer vragen over dit onderwerp<\/h2>\r\n<a href=\"tel:+31620490982\" class=\"button white is-outline\" style=\"border-radius:99px;\">\n\t<i class=\"icon-phone\" aria-hidden=\"true\"><\/i>\t<span>+31 6 20 49 09 82<\/span>\n\t<\/a>\n\r\n\r\n<a href=\"mailto:andre.van.hofwegen@improven.nl\" class=\"button white is-outline\" style=\"border-radius:99px;\">\n\t<i class=\"icon-envelop\" aria-hidden=\"true\"><\/i>\t<span>Andre van Hofwegen<\/span>\n\t<\/a>\n\r\n\r\n\t\t<\/div>\n\t\t\t\t\t<\/div>\n\n\t\r\n\r\n<\/div>\r\n\r\n\t\t<\/div>\n\n\t\t\n<style>\n#section_787799891 {\n  padding-top: 30px;\n  padding-bottom: 30px;\n  background-color: #163152;\n}\n<\/style>\n\t<\/section>\n\t\n\t\t<\/div>\n\t\t\t\t\t<\/div>\n\n\t\n<\/div>\n","protected":false},"excerpt":{"rendered":"","protected":false},"author":2,"featured_media":0,"parent":0,"menu_order":0,"comment_status":"closed","ping_status":"closed","template":"","meta":{"cybocfi_hide_featured_image":"","footnotes":""},"class_list":["post-6175","page","type-page","status-publish","hentry"],"yoast_head":"<!-- This site is optimized with the Yoast SEO Premium plugin v27.5 (Yoast SEO v27.5) - https:\/\/yoast.com\/product\/yoast-seo-premium-wordpress\/ -->\n<title>POKA YOKE - Improven<\/title>\n<meta name=\"robots\" content=\"index, follow, max-snippet:-1, max-image-preview:large, max-video-preview:-1\" \/>\n<link rel=\"canonical\" href=\"https:\/\/www.improven.nl\/nl\/poka-yoke\/\" \/>\n<meta property=\"og:locale\" content=\"nl_NL\" \/>\n<meta property=\"og:type\" content=\"article\" \/>\n<meta property=\"og:title\" content=\"POKA YOKE\" \/>\n<meta property=\"og:url\" content=\"https:\/\/www.improven.nl\/nl\/poka-yoke\/\" \/>\n<meta property=\"og:site_name\" content=\"Improven\" \/>\n<meta property=\"article:publisher\" content=\"https:\/\/www.facebook.com\/profile.php?id=100063733158708\" \/>\n<meta property=\"og:image\" content=\"https:\/\/www.improven.nl\/wp-content\/uploads\/2023\/07\/Afbeelding1.png\" \/>\n<meta name=\"twitter:card\" content=\"summary_large_image\" \/>\n<meta name=\"twitter:label1\" content=\"Geschatte leestijd\" \/>\n\t<meta name=\"twitter:data1\" content=\"3 minuten\" \/>\n<script type=\"application\/ld+json\" class=\"yoast-schema-graph\">{\"@context\":\"https:\\\/\\\/schema.org\",\"@graph\":[{\"@type\":\"WebPage\",\"@id\":\"https:\\\/\\\/www.improven.nl\\\/poka-yoke\\\/\",\"url\":\"https:\\\/\\\/www.improven.nl\\\/poka-yoke\\\/\",\"name\":\"POKA YOKE - Improven\",\"isPartOf\":{\"@id\":\"https:\\\/\\\/www.improven.nl\\\/#website\"},\"primaryImageOfPage\":{\"@id\":\"https:\\\/\\\/www.improven.nl\\\/poka-yoke\\\/#primaryimage\"},\"image\":{\"@id\":\"https:\\\/\\\/www.improven.nl\\\/poka-yoke\\\/#primaryimage\"},\"thumbnailUrl\":\"https:\\\/\\\/www.improven.nl\\\/wp-content\\\/uploads\\\/2023\\\/07\\\/Afbeelding1.png\",\"datePublished\":\"2023-07-09T18:35:23+00:00\",\"breadcrumb\":{\"@id\":\"https:\\\/\\\/www.improven.nl\\\/poka-yoke\\\/#breadcrumb\"},\"inLanguage\":\"nl-NL\",\"potentialAction\":[{\"@type\":\"ReadAction\",\"target\":[\"https:\\\/\\\/www.improven.nl\\\/poka-yoke\\\/\"]}]},{\"@type\":\"ImageObject\",\"inLanguage\":\"nl-NL\",\"@id\":\"https:\\\/\\\/www.improven.nl\\\/poka-yoke\\\/#primaryimage\",\"url\":\"https:\\\/\\\/www.improven.nl\\\/wp-content\\\/uploads\\\/2023\\\/07\\\/Afbeelding1.png\",\"contentUrl\":\"https:\\\/\\\/www.improven.nl\\\/wp-content\\\/uploads\\\/2023\\\/07\\\/Afbeelding1.png\"},{\"@type\":\"BreadcrumbList\",\"@id\":\"https:\\\/\\\/www.improven.nl\\\/poka-yoke\\\/#breadcrumb\",\"itemListElement\":[{\"@type\":\"ListItem\",\"position\":1,\"name\":\"Home\",\"item\":\"https:\\\/\\\/www.improven.nl\\\/\"},{\"@type\":\"ListItem\",\"position\":2,\"name\":\"POKA YOKE\"}]},{\"@type\":\"WebSite\",\"@id\":\"https:\\\/\\\/www.improven.nl\\\/#website\",\"url\":\"https:\\\/\\\/www.improven.nl\\\/\",\"name\":\"Improven\",\"description\":\"Samen verbeteren we de prestaties van jouw organisatie!\",\"publisher\":{\"@id\":\"https:\\\/\\\/www.improven.nl\\\/#organization\"},\"potentialAction\":[{\"@type\":\"SearchAction\",\"target\":{\"@type\":\"EntryPoint\",\"urlTemplate\":\"https:\\\/\\\/www.improven.nl\\\/?s={search_term_string}\"},\"query-input\":{\"@type\":\"PropertyValueSpecification\",\"valueRequired\":true,\"valueName\":\"search_term_string\"}}],\"inLanguage\":\"nl-NL\"},{\"@type\":\"Organization\",\"@id\":\"https:\\\/\\\/www.improven.nl\\\/#organization\",\"name\":\"Improven\",\"url\":\"https:\\\/\\\/www.improven.nl\\\/\",\"logo\":{\"@type\":\"ImageObject\",\"inLanguage\":\"nl-NL\",\"@id\":\"https:\\\/\\\/www.improven.nl\\\/#\\\/schema\\\/logo\\\/image\\\/\",\"url\":\"https:\\\/\\\/www.improven.nl\\\/wp-content\\\/uploads\\\/2022\\\/07\\\/Afbeelding1.jpg\",\"contentUrl\":\"https:\\\/\\\/www.improven.nl\\\/wp-content\\\/uploads\\\/2022\\\/07\\\/Afbeelding1.jpg\",\"width\":495,\"height\":473,\"caption\":\"Improven\"},\"image\":{\"@id\":\"https:\\\/\\\/www.improven.nl\\\/#\\\/schema\\\/logo\\\/image\\\/\"},\"sameAs\":[\"https:\\\/\\\/www.facebook.com\\\/profile.php?id=100063733158708\"]}]}<\/script>\n<!-- \/ Yoast SEO Premium plugin. -->","yoast_head_json":{"title":"POKA YOKE - Improven","robots":{"index":"index","follow":"follow","max-snippet":"max-snippet:-1","max-image-preview":"max-image-preview:large","max-video-preview":"max-video-preview:-1"},"canonical":"https:\/\/www.improven.nl\/nl\/poka-yoke\/","og_locale":"nl_NL","og_type":"article","og_title":"POKA YOKE","og_url":"https:\/\/www.improven.nl\/nl\/poka-yoke\/","og_site_name":"Improven","article_publisher":"https:\/\/www.facebook.com\/profile.php?id=100063733158708","og_image":[{"url":"https:\/\/www.improven.nl\/wp-content\/uploads\/2023\/07\/Afbeelding1.png","type":"","width":"","height":""}],"twitter_card":"summary_large_image","twitter_misc":{"Geschatte leestijd":"3 minuten"},"schema":{"@context":"https:\/\/schema.org","@graph":[{"@type":"WebPage","@id":"https:\/\/www.improven.nl\/poka-yoke\/","url":"https:\/\/www.improven.nl\/poka-yoke\/","name":"POKA YOKE - Improven","isPartOf":{"@id":"https:\/\/www.improven.nl\/#website"},"primaryImageOfPage":{"@id":"https:\/\/www.improven.nl\/poka-yoke\/#primaryimage"},"image":{"@id":"https:\/\/www.improven.nl\/poka-yoke\/#primaryimage"},"thumbnailUrl":"https:\/\/www.improven.nl\/wp-content\/uploads\/2023\/07\/Afbeelding1.png","datePublished":"2023-07-09T18:35:23+00:00","breadcrumb":{"@id":"https:\/\/www.improven.nl\/poka-yoke\/#breadcrumb"},"inLanguage":"nl-NL","potentialAction":[{"@type":"ReadAction","target":["https:\/\/www.improven.nl\/poka-yoke\/"]}]},{"@type":"ImageObject","inLanguage":"nl-NL","@id":"https:\/\/www.improven.nl\/poka-yoke\/#primaryimage","url":"https:\/\/www.improven.nl\/wp-content\/uploads\/2023\/07\/Afbeelding1.png","contentUrl":"https:\/\/www.improven.nl\/wp-content\/uploads\/2023\/07\/Afbeelding1.png"},{"@type":"BreadcrumbList","@id":"https:\/\/www.improven.nl\/poka-yoke\/#breadcrumb","itemListElement":[{"@type":"ListItem","position":1,"name":"Home","item":"https:\/\/www.improven.nl\/"},{"@type":"ListItem","position":2,"name":"POKA YOKE"}]},{"@type":"WebSite","@id":"https:\/\/www.improven.nl\/#website","url":"https:\/\/www.improven.nl\/","name":"Improven","description":"Samen verbeteren we de prestaties van jouw organisatie!","publisher":{"@id":"https:\/\/www.improven.nl\/#organization"},"potentialAction":[{"@type":"SearchAction","target":{"@type":"EntryPoint","urlTemplate":"https:\/\/www.improven.nl\/?s={search_term_string}"},"query-input":{"@type":"PropertyValueSpecification","valueRequired":true,"valueName":"search_term_string"}}],"inLanguage":"nl-NL"},{"@type":"Organization","@id":"https:\/\/www.improven.nl\/#organization","name":"Improven","url":"https:\/\/www.improven.nl\/","logo":{"@type":"ImageObject","inLanguage":"nl-NL","@id":"https:\/\/www.improven.nl\/#\/schema\/logo\/image\/","url":"https:\/\/www.improven.nl\/wp-content\/uploads\/2022\/07\/Afbeelding1.jpg","contentUrl":"https:\/\/www.improven.nl\/wp-content\/uploads\/2022\/07\/Afbeelding1.jpg","width":495,"height":473,"caption":"Improven"},"image":{"@id":"https:\/\/www.improven.nl\/#\/schema\/logo\/image\/"},"sameAs":["https:\/\/www.facebook.com\/profile.php?id=100063733158708"]}]}},"_links":{"self":[{"href":"https:\/\/www.improven.nl\/nl\/wp-json\/wp\/v2\/pages\/6175","targetHints":{"allow":["GET"]}}],"collection":[{"href":"https:\/\/www.improven.nl\/nl\/wp-json\/wp\/v2\/pages"}],"about":[{"href":"https:\/\/www.improven.nl\/nl\/wp-json\/wp\/v2\/types\/page"}],"author":[{"embeddable":true,"href":"https:\/\/www.improven.nl\/nl\/wp-json\/wp\/v2\/users\/2"}],"replies":[{"embeddable":true,"href":"https:\/\/www.improven.nl\/nl\/wp-json\/wp\/v2\/comments?post=6175"}],"version-history":[{"count":2,"href":"https:\/\/www.improven.nl\/nl\/wp-json\/wp\/v2\/pages\/6175\/revisions"}],"predecessor-version":[{"id":6278,"href":"https:\/\/www.improven.nl\/nl\/wp-json\/wp\/v2\/pages\/6175\/revisions\/6278"}],"wp:attachment":[{"href":"https:\/\/www.improven.nl\/nl\/wp-json\/wp\/v2\/media?parent=6175"}],"curies":[{"name":"wp","href":"https:\/\/api.w.org\/{rel}","templated":true}]}}