{"id":4870,"date":"2022-06-28T15:02:40","date_gmt":"2022-06-28T13:02:40","guid":{"rendered":"https:\/\/www.improven.nl\/?page_id=4870"},"modified":"2022-07-01T12:31:52","modified_gmt":"2022-07-01T10:31:52","slug":"agile-awareness-sessie","status":"publish","type":"page","link":"https:\/\/www.improven.nl\/nl\/agile-awareness-sessie\/","title":{"rendered":"Agile Awareness sessie"},"content":{"rendered":"\n\t<section class=\"section\" id=\"section_2032677102\">\n\t\t<div class=\"section-bg fill\" >\n\t\t\t\t\t\t\t\t\t\n\t\t\t\n\t<div class=\"is-border\"\n\t\tstyle=\"border-color:rgb(235, 235, 235);border-width:1px 0px 0px 0px;\">\n\t<\/div>\n\n\t\t<\/div>\n\n\t\t\n\n\t\t<div class=\"section-content relative\">\n\t\t\t\n<div class=\"row row-large align-middle align-center\"  id=\"row-1798642858\">\n\n\t<div id=\"col-2001435003\" class=\"col medium-6 small-12 large-6\"  >\n\t\t\t\t<div class=\"col-inner box-shadow-2 box-shadow-5-hover\" style=\"background-color:rgb(255, 255, 255);\" >\n\t\t\t\n\t\t\t\n\t<div class=\"img has-hover x md-x lg-x y md-y lg-y\" id=\"image_1638627151\">\n\t\t\t\t\t\t\t\t<div class=\"img-inner dark\" >\n\t\t\t<img loading=\"lazy\" decoding=\"async\" width=\"1020\" height=\"680\" src=\"https:\/\/www.improven.nl\/wp-content\/uploads\/2022\/06\/20210916_Improven_035_6916-1024x683.jpg\" class=\"attachment-large size-large\" alt=\"\" srcset=\"https:\/\/www.improven.nl\/wp-content\/uploads\/2022\/06\/20210916_Improven_035_6916-1024x683.jpg 1024w, https:\/\/www.improven.nl\/wp-content\/uploads\/2022\/06\/20210916_Improven_035_6916-400x267.jpg 400w, https:\/\/www.improven.nl\/wp-content\/uploads\/2022\/06\/20210916_Improven_035_6916-768x512.jpg 768w, https:\/\/www.improven.nl\/wp-content\/uploads\/2022\/06\/20210916_Improven_035_6916-1536x1024.jpg 1536w, https:\/\/www.improven.nl\/wp-content\/uploads\/2022\/06\/20210916_Improven_035_6916-e1772550598407.jpg 1600w\" sizes=\"auto, (max-width: 1020px) 100vw, 1020px\" \/>\t\t\t\t\t\t\n\t\t\t\t\t<\/div>\n\t\t\t\t\t\t\t\t\n<style>\n#image_1638627151 {\n  width: 100%;\n}\n<\/style>\n\t<\/div>\n\t\n\t\t<\/div>\n\t\t\t\t\n<style>\n#col-2001435003 > .col-inner {\n  padding: 15px 15px 15px 15px;\n}\n<\/style>\n\t<\/div>\n\n\t\n\n\t<div id=\"col-1178979862\" class=\"col medium-6 small-12 large-6\"  >\n\t\t\t\t<div class=\"col-inner text-center\"  >\n\t\t\t\n\t\t\t\n\t<div id=\"text-1489647948\" class=\"text\">\n\t\t\n<h3><b>Vanwaar deze sessie?<\/b><\/h3>\n<p>Agile werken heeft de potentie om uw organisatie wendbaarder op veranderingen in te laten spelen. In de Agile Awareness sessie ontdekt u samen met de experts van Improven of het nuttig en misschien zelfs noodzakelijk is om te starten met de best practices van agile werken.<\/p>\n\t\t\n<style>\n#text-1489647948 {\n  text-align: left;\n}\n<\/style>\n\t<\/div>\n\t\n\t<div id=\"text-3629554436\" class=\"text\">\n\t\t\n<h3><b>Voor wie is de sessie?<\/b><\/h3>\n<p>De sessie is gericht op bedrijfsleiders, management teams en afdelingsmanagers die hun projectmanagementorganisatie naar een hoger niveau willen tillen en benieuwd zijn in hoeverre agile werken hier onderdeel van moet en kan zijn.<\/p>\n\t\t\n<style>\n#text-3629554436 {\n  text-align: left;\n}\n<\/style>\n\t<\/div>\n\t\n\t\t<\/div>\n\t\t\t\t\t<\/div>\n\n\t\n<\/div>\n\t<div id=\"text-2310797224\" class=\"text\">\n\t\t\n<h3><b><i>\u201cIs uw organisatie al wendbaar genoeg om in te spelen op de veranderende behoeftes van uw klanten?&#8221;<\/i><\/b><\/h3>\n\t\t\n<style>\n#text-2310797224 {\n  text-align: center;\n  color: #149443;\n}\n#text-2310797224 > * {\n  color: #149443;\n}\n<\/style>\n\t<\/div>\n\t\n\t\t<\/div>\n\n\t\t\n<style>\n#section_2032677102 {\n  padding-top: 10px;\n  padding-bottom: 10px;\n  min-height: 300px;\n  background-color: rgb(255, 255, 255);\n}\n<\/style>\n\t<\/section>\n\t\n<div class=\"row\"  id=\"row-883064841\">\n\n\t<div id=\"col-1677566883\" class=\"col medium-6 small-12 large-6\"  >\n\t\t\t\t<div class=\"col-inner\"  >\n\t\t\t\n\t\t\t\n<h3><b>Wat leer ik in de sessie?<\/b><\/h3>\n<ul>\n<li>Hoe agile werken het nieuwe normaal is geworden voor organisaties<\/li>\n<li>Wat de relevante onderdelen van agile werken zijn<\/li>\n<li>Welke voordelen agile werken uw sector te bieden heeft<\/li>\n<li>Wat de essentie van agile werken eigenlijk is<\/li>\n<li>Welke frameworks en methodes er zijn om agile te werken<\/li>\n<li>Hoe de populairste agile werkmethodiek Scrum in elkaar steekt<\/li>\n<li>Waarom traditioneel projectmanagement onmisbaar blijft<\/li>\n<li>Hoe agile en projectmanagement hand in hand kunnen gaan<\/li>\n<li>Wat de impact is wanneer uw organisatie agile wil werken<\/li>\n<li>De stappen om verantwoord agile werken te implementeren<\/li>\n<\/ul>\n<h3><b>Hoe lang duurt de sessie?<\/b><\/h3>\n<ul>\n<li>3 tot 4 uur, afhankelijk van de kennisbehoefte<\/li>\n<\/ul>\n\t\t<\/div>\n\t\t\t\t\t<\/div>\n\n\t\n\n\t<div id=\"col-2069605361\" class=\"col medium-6 small-12 large-6\"  >\n\t\t\t\t<div class=\"col-inner\"  >\n\t\t\t\n\t\t\t\n<h3><b>Hoe gaat de sessie in zijn werk?<\/b><\/h3>\n<ul>\n<li>In de sessie wisselen wij de noodzakelijke theorie en interessante informatie uit uw sector af met leuke, laagdrempelige en interactieve oefeningen.<\/li>\n<li>Wij brengen uw kennis over uw organisatie en onze expertise in agile werken en projectmanagement bij elkaar om stap voor stap tot inzichten te komen.<\/li>\n<\/ul>\n<h3><b>Hoe helpt de sessie mij verder?<\/b><\/h3>\n<ul>\n<li>Door gezamenlijk agile werken te ervaren en te vertalen naar de eigen organisatie kom je tot een gezamenlijke conclusie hoe agile werken van meerwaarde kan zijn.<\/li>\n<li>Wij schromen niet om alternatieven aan te dragen die ook voor meer wendbaarheid kunnen zorgen. U krijgt daarom altijd een eerlijk advies van de experts van Improven.<\/li>\n<\/ul>\n\t\t<\/div>\n\t\t\t\t\t<\/div>\n\n\t\n<\/div>\n\n\t<section class=\"section\" id=\"section_1369411426\">\n\t\t<div class=\"section-bg fill\" >\n\t\t\t\t\t\t\t\t\t\n\t\t\t\n\n\t\t<\/div>\n\n\t\t\n\n\t\t<div class=\"section-content relative\">\n\t\t\t\n<div class=\"row\"  id=\"row-703478198\">\n\n\t<div id=\"col-339812109\" class=\"col small-12 large-12\"  >\n\t\t\t\t<div class=\"col-inner\"  >\n\t\t\t\n\t\t\t\n\t<div id=\"text-3270086280\" class=\"text\">\n\t\t\n<h3><b><i>Improven is een samenvoeging van Improve, Prove en Proven:\u00a0<\/i><\/b><b><i>het verbeteren van klantprestaties, met aantoonbare resultaten en met een bewezen aanpak<\/i><\/b><\/h3>\n\t\t\n<style>\n#text-3270086280 {\n  text-align: center;\n  color: rgb(20, 148, 67);\n}\n#text-3270086280 > * {\n  color: rgb(20, 148, 67);\n}\n<\/style>\n\t<\/div>\n\t\n<h3><b>Wie zijn we<\/b><\/h3>\n<ul>\n<li>Improven verbetert samen met onze klanten de prestaties door de inrichting, beheersing en verbetering van de projecten, processen en informatievoorziening.<\/li>\n<li>Wij ondersteunen organisaties bij het vertalen van ambities naar concrete resultaten door het inrichten en uitvoeren van projectmanagement en agile werken. IMPROVEN streeft bij het realiseren van veranderingen altijd naar een duurzaam resultaat.<\/li>\n<li>Dit doen we met een team van toegewijde en gedreven vakspecialisten die opereren als projectmanager, scrum master, product owner of portfoliomanager en die geloven in werkende oplossingen. Onze kennis en ervaring met methodologie\u00ebn zoals Scrum, SAFE en Prince2 vormen slechts de basis voor een op maat gemaakte aanpak afgestemd op de wensen en de context van onze klant.<\/li>\n<\/ul>\n<p>Benieuwd naar Improven? <a href=\"https:\/\/www.improven.nl\/improven\/onze-dienstverlening\/projects-change\/\"><strong>Klik hier<\/strong><\/a> voor meer informatie.<\/p>\n<h3><b>Wie <\/b><b>uw<\/b><b> experts <\/b><b>zijn<\/b><\/h3>\n<ul>\n<li>Onze experts hebben ervaring met het inrichten van agile werken. Voor kleine en grote organisaties hebben zij in verschillende agile rollen het management en de medewerkers praktische handvatten gegeven om wendbaarder samen te werken.<\/li>\n<li>Wij geloven niet in \u00e9\u00e9n heilige graal als oplossing voor alle problemen. Door onze diepgaande kennis in projectmanagement en agile werken durven onze experts beide werelden te combineren. Daarom kunt u bouwen op onze adviezen!\u00a0<\/li>\n<\/ul>\n<p>Ge\u00efnteresseerd? Neem dan contact op met \u00e9\u00e9n van uw experts van Improven!<\/p>\n<div class=\"row row-collapse row-full-width\"  id=\"row-688846890\">\n\n\t<div id=\"col-436640420\" class=\"col medium-3 large-3\"  >\n\t\t\t\t<div class=\"col-inner\"  >\n\t\t\t\n\t\t\t\n\t<div class=\"box has-hover   has-hover box-text-bottom\" >\n\n\t\t<div class=\"box-image\" style=\"width:90%;\">\n\t\t\t\t\t\t<div class=\"\" >\n\t\t\t\t<img loading=\"lazy\" decoding=\"async\" width=\"400\" height=\"400\" src=\"https:\/\/www.improven.nl\/wp-content\/uploads\/2021\/12\/banner_ivoheijtel-2291-710px.jpg\" class=\"attachment- size-\" alt=\"\" srcset=\"https:\/\/www.improven.nl\/wp-content\/uploads\/2021\/12\/banner_ivoheijtel-2291-710px.jpg 400w, https:\/\/www.improven.nl\/wp-content\/uploads\/2021\/12\/banner_ivoheijtel-2291-710px-150x150.jpg 150w, https:\/\/www.improven.nl\/wp-content\/uploads\/2021\/12\/banner_ivoheijtel-2291-710px-300x300.jpg 300w\" sizes=\"auto, (max-width: 400px) 100vw, 400px\" \/>\t\t\t\t\t\t\t\t\t\t\t<\/div>\n\t\t\t\t\t<\/div>\n\n\t\t<div class=\"box-text text-center\" >\n\t\t\t<div class=\"box-text-inner\">\n\t\t\t\t\n<h4 style=\"text-align: left;\">IVO HEIJTEL<\/h4>\n<p style=\"text-align: left;\">Senior Consultant<\/p>\n<p style=\"text-align: left;\">Telefoon: +31 6 51 63 73 11<\/p>\n<p style=\"text-align: left;\">Email: <a href=\"mailto:ivo.heijtel@improven.nl\">ivo.heijtel@improven.nl<\/a><\/p>\n\t\t\t<\/div>\n\t\t<\/div>\n\t<\/div>\n\t\n\t\t<\/div>\n\t\t\t\t\t<\/div>\n\n\t\n\n\t<div id=\"col-367105794\" class=\"col medium-3 large-3\"  >\n\t\t\t\t<div class=\"col-inner\"  >\n\t\t\t\n\t\t\t\n\t<div class=\"box has-hover   has-hover box-text-bottom\" >\n\n\t\t<div class=\"box-image\" style=\"width:90%;\">\n\t\t\t\t\t\t<div class=\"\" >\n\t\t\t\t<img loading=\"lazy\" decoding=\"async\" width=\"400\" height=\"400\" src=\"https:\/\/www.improven.nl\/wp-content\/uploads\/2021\/12\/banner_michellevankuijzen-7349-710px.jpg\" class=\"attachment- size-\" alt=\"\" srcset=\"https:\/\/www.improven.nl\/wp-content\/uploads\/2021\/12\/banner_michellevankuijzen-7349-710px.jpg 400w, https:\/\/www.improven.nl\/wp-content\/uploads\/2021\/12\/banner_michellevankuijzen-7349-710px-150x150.jpg 150w, https:\/\/www.improven.nl\/wp-content\/uploads\/2021\/12\/banner_michellevankuijzen-7349-710px-300x300.jpg 300w\" sizes=\"auto, (max-width: 400px) 100vw, 400px\" \/>\t\t\t\t\t\t\t\t\t\t\t<\/div>\n\t\t\t\t\t<\/div>\n\n\t\t<div class=\"box-text text-center\" >\n\t\t\t<div class=\"box-text-inner\">\n\t\t\t\t\n<h4 style=\"text-align: left;\"><strong>MICHELLE VAN KUIJZEN<\/strong><\/h4>\n<p style=\"text-align: left;\">Consultant<\/p>\n<p style=\"text-align: left;\">Telefoon: +31 6 21 65 90 66<\/p>\n<p style=\"text-align: left;\">Email: <a href=\"mailto:michelle.van.kuijzen@improven.nl\">michelle.van.kuijzen@improven.nl<\/a><\/p>\n\t\t\t<\/div>\n\t\t<\/div>\n\t<\/div>\n\t\n\t\t<\/div>\n\t\t\t\t\t<\/div>\n\n\t\n\n\t<div id=\"col-323118207\" class=\"col medium-3 large-3\"  >\n\t\t\t\t<div class=\"col-inner\"  >\n\t\t\t\n\t\t\t\n\t<div class=\"box has-hover   has-hover box-text-bottom\" >\n\n\t\t<div class=\"box-image\" style=\"width:90%;\">\n\t\t\t\t\t\t<div class=\"\" >\n\t\t\t\t<img loading=\"lazy\" decoding=\"async\" width=\"400\" height=\"400\" src=\"https:\/\/www.improven.nl\/wp-content\/uploads\/2021\/12\/banner_arthurtomassen-6769-710px.jpg\" class=\"attachment- size-\" alt=\"\" srcset=\"https:\/\/www.improven.nl\/wp-content\/uploads\/2021\/12\/banner_arthurtomassen-6769-710px.jpg 400w, https:\/\/www.improven.nl\/wp-content\/uploads\/2021\/12\/banner_arthurtomassen-6769-710px-150x150.jpg 150w, https:\/\/www.improven.nl\/wp-content\/uploads\/2021\/12\/banner_arthurtomassen-6769-710px-300x300.jpg 300w\" sizes=\"auto, (max-width: 400px) 100vw, 400px\" \/>\t\t\t\t\t\t\t\t\t\t\t<\/div>\n\t\t\t\t\t<\/div>\n\n\t\t<div class=\"box-text text-center\" >\n\t\t\t<div class=\"box-text-inner\">\n\t\t\t\t\n<h4 style=\"text-align: left;\"><strong>ARTHUR TOMASSEN<\/strong><\/h4>\n<p style=\"text-align: left;\">Consultant<\/p>\n<p style=\"text-align: left;\">Telefoon: +31 6 40 38 47 76<\/p>\n<p style=\"text-align: left;\">Email: <a href=\"mailto:arthur.tomassen@improven.nl\">arthur.tomassen@improven.nl<\/a><\/p>\n\t\t\t<\/div>\n\t\t<\/div>\n\t<\/div>\n\t\n\t\t<\/div>\n\t\t\t\t\t<\/div>\n\n\t\n<\/div>\n\t\t<\/div>\n\t\t\t\t\t<\/div>\n\n\t\n<\/div>\n\t\t<\/div>\n\n\t\t\n<style>\n#section_1369411426 {\n  padding-top: 30px;\n  padding-bottom: 30px;\n}\n<\/style>\n\t<\/section>\n\t\n","protected":false},"excerpt":{"rendered":"","protected":false},"author":2,"featured_media":0,"parent":0,"menu_order":0,"comment_status":"closed","ping_status":"closed","template":"","meta":{"cybocfi_hide_featured_image":"","footnotes":""},"class_list":["post-4870","page","type-page","status-publish","hentry"],"yoast_head":"<!-- This site is optimized with the Yoast SEO Premium plugin v27.3 (Yoast SEO v27.3) - https:\/\/yoast.com\/product\/yoast-seo-premium-wordpress\/ -->\n<title>Agile Awareness sessie - Improven<\/title>\n<meta name=\"robots\" content=\"index, follow, max-snippet:-1, max-image-preview:large, max-video-preview:-1\" \/>\n<link rel=\"canonical\" href=\"https:\/\/www.improven.nl\/nl\/agile-awareness-sessie\/\" \/>\n<meta property=\"og:locale\" content=\"nl_NL\" \/>\n<meta property=\"og:type\" content=\"article\" \/>\n<meta property=\"og:title\" content=\"Agile Awareness sessie\" \/>\n<meta property=\"og:url\" content=\"https:\/\/www.improven.nl\/nl\/agile-awareness-sessie\/\" \/>\n<meta property=\"og:site_name\" content=\"Improven\" \/>\n<meta property=\"article:publisher\" content=\"https:\/\/www.facebook.com\/profile.php?id=100063733158708\" \/>\n<meta property=\"article:modified_time\" content=\"2022-07-01T10:31:52+00:00\" \/>\n<meta name=\"twitter:card\" content=\"summary_large_image\" \/>\n<meta name=\"twitter:label1\" content=\"Geschatte leestijd\" \/>\n\t<meta name=\"twitter:data1\" content=\"3 minuten\" \/>\n<script type=\"application\/ld+json\" class=\"yoast-schema-graph\">{\"@context\":\"https:\\\/\\\/schema.org\",\"@graph\":[{\"@type\":\"WebPage\",\"@id\":\"https:\\\/\\\/www.improven.nl\\\/agile-awareness-sessie\\\/\",\"url\":\"https:\\\/\\\/www.improven.nl\\\/agile-awareness-sessie\\\/\",\"name\":\"Agile Awareness sessie - Improven\",\"isPartOf\":{\"@id\":\"https:\\\/\\\/www.improven.nl\\\/#website\"},\"datePublished\":\"2022-06-28T13:02:40+00:00\",\"dateModified\":\"2022-07-01T10:31:52+00:00\",\"breadcrumb\":{\"@id\":\"https:\\\/\\\/www.improven.nl\\\/agile-awareness-sessie\\\/#breadcrumb\"},\"inLanguage\":\"nl-NL\",\"potentialAction\":[{\"@type\":\"ReadAction\",\"target\":[\"https:\\\/\\\/www.improven.nl\\\/agile-awareness-sessie\\\/\"]}]},{\"@type\":\"BreadcrumbList\",\"@id\":\"https:\\\/\\\/www.improven.nl\\\/agile-awareness-sessie\\\/#breadcrumb\",\"itemListElement\":[{\"@type\":\"ListItem\",\"position\":1,\"name\":\"Home\",\"item\":\"https:\\\/\\\/www.improven.nl\\\/\"},{\"@type\":\"ListItem\",\"position\":2,\"name\":\"Agile Awareness sessie\"}]},{\"@type\":\"WebSite\",\"@id\":\"https:\\\/\\\/www.improven.nl\\\/#website\",\"url\":\"https:\\\/\\\/www.improven.nl\\\/\",\"name\":\"Improven\",\"description\":\"Samen verbeteren we de prestaties van jouw organisatie!\",\"publisher\":{\"@id\":\"https:\\\/\\\/www.improven.nl\\\/#organization\"},\"potentialAction\":[{\"@type\":\"SearchAction\",\"target\":{\"@type\":\"EntryPoint\",\"urlTemplate\":\"https:\\\/\\\/www.improven.nl\\\/?s={search_term_string}\"},\"query-input\":{\"@type\":\"PropertyValueSpecification\",\"valueRequired\":true,\"valueName\":\"search_term_string\"}}],\"inLanguage\":\"nl-NL\"},{\"@type\":\"Organization\",\"@id\":\"https:\\\/\\\/www.improven.nl\\\/#organization\",\"name\":\"Improven\",\"url\":\"https:\\\/\\\/www.improven.nl\\\/\",\"logo\":{\"@type\":\"ImageObject\",\"inLanguage\":\"nl-NL\",\"@id\":\"https:\\\/\\\/www.improven.nl\\\/#\\\/schema\\\/logo\\\/image\\\/\",\"url\":\"https:\\\/\\\/www.improven.nl\\\/wp-content\\\/uploads\\\/2022\\\/07\\\/Afbeelding1.jpg\",\"contentUrl\":\"https:\\\/\\\/www.improven.nl\\\/wp-content\\\/uploads\\\/2022\\\/07\\\/Afbeelding1.jpg\",\"width\":495,\"height\":473,\"caption\":\"Improven\"},\"image\":{\"@id\":\"https:\\\/\\\/www.improven.nl\\\/#\\\/schema\\\/logo\\\/image\\\/\"},\"sameAs\":[\"https:\\\/\\\/www.facebook.com\\\/profile.php?id=100063733158708\"]}]}<\/script>\n<!-- \/ Yoast SEO Premium plugin. -->","yoast_head_json":{"title":"Agile Awareness sessie - Improven","robots":{"index":"index","follow":"follow","max-snippet":"max-snippet:-1","max-image-preview":"max-image-preview:large","max-video-preview":"max-video-preview:-1"},"canonical":"https:\/\/www.improven.nl\/nl\/agile-awareness-sessie\/","og_locale":"nl_NL","og_type":"article","og_title":"Agile Awareness sessie","og_url":"https:\/\/www.improven.nl\/nl\/agile-awareness-sessie\/","og_site_name":"Improven","article_publisher":"https:\/\/www.facebook.com\/profile.php?id=100063733158708","article_modified_time":"2022-07-01T10:31:52+00:00","twitter_card":"summary_large_image","twitter_misc":{"Geschatte leestijd":"3 minuten"},"schema":{"@context":"https:\/\/schema.org","@graph":[{"@type":"WebPage","@id":"https:\/\/www.improven.nl\/agile-awareness-sessie\/","url":"https:\/\/www.improven.nl\/agile-awareness-sessie\/","name":"Agile Awareness sessie - Improven","isPartOf":{"@id":"https:\/\/www.improven.nl\/#website"},"datePublished":"2022-06-28T13:02:40+00:00","dateModified":"2022-07-01T10:31:52+00:00","breadcrumb":{"@id":"https:\/\/www.improven.nl\/agile-awareness-sessie\/#breadcrumb"},"inLanguage":"nl-NL","potentialAction":[{"@type":"ReadAction","target":["https:\/\/www.improven.nl\/agile-awareness-sessie\/"]}]},{"@type":"BreadcrumbList","@id":"https:\/\/www.improven.nl\/agile-awareness-sessie\/#breadcrumb","itemListElement":[{"@type":"ListItem","position":1,"name":"Home","item":"https:\/\/www.improven.nl\/"},{"@type":"ListItem","position":2,"name":"Agile Awareness sessie"}]},{"@type":"WebSite","@id":"https:\/\/www.improven.nl\/#website","url":"https:\/\/www.improven.nl\/","name":"Improven","description":"Samen verbeteren we de prestaties van jouw organisatie!","publisher":{"@id":"https:\/\/www.improven.nl\/#organization"},"potentialAction":[{"@type":"SearchAction","target":{"@type":"EntryPoint","urlTemplate":"https:\/\/www.improven.nl\/?s={search_term_string}"},"query-input":{"@type":"PropertyValueSpecification","valueRequired":true,"valueName":"search_term_string"}}],"inLanguage":"nl-NL"},{"@type":"Organization","@id":"https:\/\/www.improven.nl\/#organization","name":"Improven","url":"https:\/\/www.improven.nl\/","logo":{"@type":"ImageObject","inLanguage":"nl-NL","@id":"https:\/\/www.improven.nl\/#\/schema\/logo\/image\/","url":"https:\/\/www.improven.nl\/wp-content\/uploads\/2022\/07\/Afbeelding1.jpg","contentUrl":"https:\/\/www.improven.nl\/wp-content\/uploads\/2022\/07\/Afbeelding1.jpg","width":495,"height":473,"caption":"Improven"},"image":{"@id":"https:\/\/www.improven.nl\/#\/schema\/logo\/image\/"},"sameAs":["https:\/\/www.facebook.com\/profile.php?id=100063733158708"]}]}},"_links":{"self":[{"href":"https:\/\/www.improven.nl\/nl\/wp-json\/wp\/v2\/pages\/4870","targetHints":{"allow":["GET"]}}],"collection":[{"href":"https:\/\/www.improven.nl\/nl\/wp-json\/wp\/v2\/pages"}],"about":[{"href":"https:\/\/www.improven.nl\/nl\/wp-json\/wp\/v2\/types\/page"}],"author":[{"embeddable":true,"href":"https:\/\/www.improven.nl\/nl\/wp-json\/wp\/v2\/users\/2"}],"replies":[{"embeddable":true,"href":"https:\/\/www.improven.nl\/nl\/wp-json\/wp\/v2\/comments?post=4870"}],"version-history":[{"count":6,"href":"https:\/\/www.improven.nl\/nl\/wp-json\/wp\/v2\/pages\/4870\/revisions"}],"predecessor-version":[{"id":4883,"href":"https:\/\/www.improven.nl\/nl\/wp-json\/wp\/v2\/pages\/4870\/revisions\/4883"}],"wp:attachment":[{"href":"https:\/\/www.improven.nl\/nl\/wp-json\/wp\/v2\/media?parent=4870"}],"curies":[{"name":"wp","href":"https:\/\/api.w.org\/{rel}","templated":true}]}}